{"id":771,"date":"2023-09-26T07:20:00","date_gmt":"2023-09-26T07:20:00","guid":{"rendered":"https:\/\/e-projekty.mojregion.info\/kultura-w-zasiegu\/do-pobrania\/"},"modified":"2023-10-23T14:17:25","modified_gmt":"2023-10-23T14:17:25","slug":"do-pobrania","status":"publish","type":"page","link":"https:\/\/e-projekty.mojregion.info\/en\/kultura-w-zasiegu\/do-pobrania\/","title":{"rendered":"Do pobrania"},"content":{"rendered":"\n<div class=\"wp-block-giosnamespace-download-block do-pobrana-section\"><h2>Logo Kultura w zasi\u0119gu 2.0<\/h2><div class=\"download-button-group\"><div class=\"download-link-setion\"><a href=\"https:\/\/e-projekty.mojregion.info\/wp-content\/uploads\/2023\/10\/Kultura_pion.zip\" download=\"\" aria-label=\"Plik pobierze si\u0119 po naci\u015bni\u0119ciu\"><div class=\"download-icon\"><svg xmlns=\"http:\/\/www.w3.org\/2000\/svg\" width=\"72\" height=\"72\" viewbox=\"0 0 72 72\" fill=\"none\"><rect width=\"72\" height=\"72\" rx=\"12\" fill=\"#00ACA9\"\/><path d=\"M36 25V42M36 42L28 34M36 42L44 34M28 47.5H44\" stroke=\"#FEFEFE\" stroke-width=\"2\" stroke-linecap=\"round\"><\/path><\/svg><\/div><div class=\"download-content\"><p class=\"h6\"> Logo Kultura w zasi\u0119gu 2.0 pionowo <br> (plik zip , 3 MB)<\/p><\/div><\/a><\/div><div class=\"download-link-setion\"><a href=\"https:\/\/e-projekty.mojregion.info\/wp-content\/uploads\/2023\/10\/Kultura_poziom.zip\" download=\"\" aria-label=\"Plik pobierze si\u0119 po naci\u015bni\u0119ciu\"><div class=\"download-icon\"><svg xmlns=\"http:\/\/www.w3.org\/2000\/svg\" width=\"72\" height=\"72\" viewbox=\"0 0 72 72\" fill=\"none\"><rect width=\"72\" height=\"72\" rx=\"12\" fill=\"#00ACA9\"\/><path d=\"M36 25V42M36 42L28 34M36 42L44 34M28 47.5H44\" stroke=\"#FEFEFE\" stroke-width=\"2\" stroke-linecap=\"round\"><\/path><\/svg><\/div><div class=\"download-content\"><p class=\"h6\"> Logo Kultura w zasi\u0119gu 2.0 poziomo <br> (plik zip , 5 MB)<\/p><\/div><\/a><\/div><\/div><\/div>\n\n<div class=\"wp-block-giosnamespace-download-block do-pobrana-section\"><h2>Ksi\u0119ga znak\u00f3w<\/h2><div class=\"download-button-group\"><div class=\"download-link-setion\"><a href=\"https:\/\/e-projekty.mojregion.info\/wp-content\/uploads\/2023\/10\/KSIEGA_ZNAKOW_Kultura.pdf\" download=\"\" aria-label=\"Plik pobierze si\u0119 po naci\u015bni\u0119ciu\"><div class=\"download-icon\"><svg xmlns=\"http:\/\/www.w3.org\/2000\/svg\" width=\"72\" height=\"72\" viewbox=\"0 0 72 72\" fill=\"none\"><rect width=\"72\" height=\"72\" rx=\"12\" fill=\"#00ACA9\"\/><path d=\"M36 25V42M36 42L28 34M36 42L44 34M28 47.5H44\" stroke=\"#FEFEFE\" stroke-width=\"2\" stroke-linecap=\"round\"><\/path><\/svg><\/div><div class=\"download-content\"><p class=\"h6\"> Ksi\u0119ga znak\u00f3w Kultura w zasi\u0119gu 2.0 <br> (plik pdf , 2 MB)<\/p><\/div><\/a><\/div><\/div><\/div>\n\n<div class=\"wp-block-giosnamespace-download-block do-pobrana-section\"><h2>System identyfikacji<\/h2><div class=\"download-button-group\"><div class=\"download-link-setion\"><a href=\"https:\/\/e-projekty.mojregion.info\/wp-content\/uploads\/2023\/10\/System-Identyfikacji_Kultura.pdf\" download=\"\" aria-label=\"Plik pobierze si\u0119 po naci\u015bni\u0119ciu\"><div class=\"download-icon\"><svg xmlns=\"http:\/\/www.w3.org\/2000\/svg\" width=\"72\" height=\"72\" viewbox=\"0 0 72 72\" fill=\"none\"><rect width=\"72\" height=\"72\" rx=\"12\" fill=\"#00ACA9\"\/><path d=\"M36 25V42M36 42L28 34M36 42L44 34M28 47.5H44\" stroke=\"#FEFEFE\" stroke-width=\"2\" stroke-linecap=\"round\"><\/path><\/svg><\/div><div class=\"download-content\"><p class=\"h6\"> System identyfikacji Kultura w zasi\u0119gu 2.0 <br> (plik pdf , 5 MB)<\/p><\/div><\/a><\/div><\/div><\/div>\n","protected":false},"excerpt":{"rendered":"","protected":false},"author":7,"featured_media":596,"parent":765,"menu_order":0,"comment_status":"closed","ping_status":"closed","template":"template-download.php","meta":{"_acf_changed":false,"inline_featured_image":false,"footnotes":"","_links_to":"","_links_to_target":""},"class_list":["post-771","page","type-page","status-publish","has-post-thumbnail","hentry"],"acf":[],"_links":{"self":[{"href":"https:\/\/e-projekty.mojregion.info\/en\/wp-json\/wp\/v2\/pages\/771","targetHints":{"allow":["GET"]}}],"collection":[{"href":"https:\/\/e-projekty.mojregion.info\/en\/wp-json\/wp\/v2\/pages"}],"about":[{"href":"https:\/\/e-projekty.mojregion.info\/en\/wp-json\/wp\/v2\/types\/page"}],"author":[{"embeddable":true,"href":"https:\/\/e-projekty.mojregion.info\/en\/wp-json\/wp\/v2\/users\/7"}],"replies":[{"embeddable":true,"href":"https:\/\/e-projekty.mojregion.info\/en\/wp-json\/wp\/v2\/comments?post=771"}],"version-history":[{"count":0,"href":"https:\/\/e-projekty.mojregion.info\/en\/wp-json\/wp\/v2\/pages\/771\/revisions"}],"up":[{"embeddable":true,"href":"https:\/\/e-projekty.mojregion.info\/en\/wp-json\/wp\/v2\/pages\/765"}],"wp:featuredmedia":[{"embeddable":true,"href":"https:\/\/e-projekty.mojregion.info\/en\/wp-json\/wp\/v2\/media\/596"}],"wp:attachment":[{"href":"https:\/\/e-projekty.mojregion.info\/en\/wp-json\/wp\/v2\/media?parent=771"}],"curies":[{"name":"wp","href":"https:\/\/api.w.org\/{rel}","templated":true}]}}