{"id":748,"date":"2023-09-25T14:39:16","date_gmt":"2023-09-25T14:39:16","guid":{"rendered":"https:\/\/e-projekty.mojregion.info\/infostrada\/o-projekcie\/"},"modified":"2024-04-18T11:49:11","modified_gmt":"2024-04-18T11:49:11","slug":"o-projekcie","status":"publish","type":"page","link":"https:\/\/e-projekty.mojregion.info\/en\/infostrada\/o-projekcie\/","title":{"rendered":"O projekcie"},"content":{"rendered":"\n<section class=\"wp-block-eprojektynamespace-projeckis section section-inner-page\"><div class=\"container\"><div class=\"collapsable-mobile-field\"><div class=\"accordion custom-accordion-style\" id=\"mobile-accordion\"><div class=\"accordion-item\"><h2 class=\"accordion-header\" id=\"heading-1\"><button class=\"accordion-button collapsed\" type=\"button\" data-bs-toggle=\"collapse\" data-bs-target=\"#collapse-1\" aria-expanded=\"false\" aria-controls=\"collapse-1\">Projekt \u201cInfostrada Kujaw i Pomorza 2.0\u201d<\/button><\/h2><div id=\"collapse-1\" class=\"accordion-collapse collapse \" aria-labelledby=\"heading-1\" data-bs-parent=\"#mobile-accordion\"><div class=\"accordion-body\"><div class=\"row grey-bg align-items-center  flex-row-reverse\" style=\"background:#f5f5f5\"><div class=\"col-lg-5 order-lg-2\"><div class=\"the-right-image\"><img decoding=\"async\" src=\"https:\/\/e-projekty.mojregion.info\/wp-content\/uploads\/2023\/09\/Group-34913.png\" class=\"w-100\" alt=\"Image 1\"\/><\/div><\/div><div class=\"col-lg-7 \"><div class=\"left-inner-content\"><h2>Projekt \u201cInfostrada Kujaw i Pomorza 2.0\u201d<\/h2><p>Projekt \u201eInfostrada Kujaw i Pomorza 2.0\u201d\u00a0 u\u0142atwi mieszka\u0144com wojew\u00f3dztwa dost\u0119p do kluczowych informacji i us\u0142ug administracji publicznej, zapewniaj\u0105c im mo\u017cliwo\u015b\u0107 za\u0142atwiania spraw urz\u0119dowych drog\u0105 elektroniczn\u0105.<\/p><\/div><\/div><\/div><\/div><\/div><\/div><\/div><\/div><div class=\"row align-items-center grey-bg collapse-desktop-field  flex-row-reverse\" style=\"background:#f5f5f5\"><div class=\"col-lg-5 order-lg-2\"><div class=\"the-right-image\"><img decoding=\"async\" src=\"https:\/\/e-projekty.mojregion.info\/wp-content\/uploads\/2023\/09\/Group-34913.png\" class=\"w-100\" alt=\"Image 1\"\/><\/div><\/div><div class=\"col-lg-7 \"><div class=\"left-inner-content\"><h2>Projekt \u201cInfostrada Kujaw i Pomorza 2.0\u201d<\/h2><p>Projekt \u201eInfostrada Kujaw i Pomorza 2.0\u201d\u00a0 u\u0142atwi mieszka\u0144com wojew\u00f3dztwa dost\u0119p do kluczowych informacji i us\u0142ug administracji publicznej, zapewniaj\u0105c im mo\u017cliwo\u015b\u0107 za\u0142atwiania spraw urz\u0119dowych drog\u0105 elektroniczn\u0105.<\/p><\/div><\/div><\/div><\/div><\/section>\n\n<div style=\"height:55px\" aria-hidden=\"true\" class=\"wp-block-spacer\"><\/div>\n\n<section class=\"wp-block-eprojektynamespace-projeckis section section-inner-page\"><div class=\"container\"><div class=\"collapsable-mobile-field\"><div class=\"accordion custom-accordion-style\" id=\"mobile-accordion\"><div class=\"accordion-item\"><h2 class=\"accordion-header\" id=\"heading-1\"><button class=\"accordion-button collapsed\" type=\"button\" data-bs-toggle=\"collapse\" data-bs-target=\"#collapse-1\" aria-expanded=\"false\" aria-controls=\"collapse-1\">Uzasadnienie realizacji projektu<\/button><\/h2><div id=\"collapse-1\" class=\"accordion-collapse collapse \" aria-labelledby=\"heading-1\" data-bs-parent=\"#mobile-accordion\"><div class=\"accordion-body\"><div class=\"row grey-bg align-items-center  \" style=\"background:transparent\"><div class=\"col-lg-5 order-lg-2\"><div class=\"the-right-image\"><img decoding=\"async\" src=\"https:\/\/e-projekty.mojregion.info\/wp-content\/uploads\/2023\/09\/t-blue-background-1-1.png\" class=\"w-100\" alt=\"Image 1\"\/><\/div><\/div><div class=\"col-lg-7 \"><div class=\"left-inner-content\"><h2>Uzasadnienie realizacji projektu<\/h2><p>W 2016 i 2017 roku Wojew\u00f3dztwo Kujawsko-Pomorskie wraz z wykonawcami Studium Wykonalno\u015bci projektu \u201eInfostrada Kujaw i Pomorza 2.0\u201d przeprowadzili badania ankietowe, kt\u00f3rych wyniki pokaza\u0142y, \u017ce w dalszym ci\u0105gu, pomimo realizacji wcze\u015bniejszych projekt\u00f3w informatycznych, odsetek spraw za\u0142atwianych drog\u0105 elektroniczn\u0105 pozostaje na niskim poziomie \u2013 zaledwie 25,6% mieszka\u0144c\u00f3w wojew\u00f3dztwa kujawsko-pomorskiego korzysta\u0142o przez Internet z us\u0142ug administracji publicznej.<\/p><\/div><\/div><\/div><\/div><\/div><\/div><\/div><\/div><div class=\"row align-items-center grey-bg collapse-desktop-field  \" style=\"background:transparent\"><div class=\"col-lg-5 order-lg-2\"><div class=\"the-right-image\"><img decoding=\"async\" src=\"https:\/\/e-projekty.mojregion.info\/wp-content\/uploads\/2023\/09\/t-blue-background-1-1.png\" class=\"w-100\" alt=\"Image 1\"\/><\/div><\/div><div class=\"col-lg-7 \"><div class=\"left-inner-content\"><h2>Uzasadnienie realizacji projektu<\/h2><p>W 2016 i 2017 roku Wojew\u00f3dztwo Kujawsko-Pomorskie wraz z wykonawcami Studium Wykonalno\u015bci projektu \u201eInfostrada Kujaw i Pomorza 2.0\u201d przeprowadzili badania ankietowe, kt\u00f3rych wyniki pokaza\u0142y, \u017ce w dalszym ci\u0105gu, pomimo realizacji wcze\u015bniejszych projekt\u00f3w informatycznych, odsetek spraw za\u0142atwianych drog\u0105 elektroniczn\u0105 pozostaje na niskim poziomie \u2013 zaledwie 25,6% mieszka\u0144c\u00f3w wojew\u00f3dztwa kujawsko-pomorskiego korzysta\u0142o przez Internet z us\u0142ug administracji publicznej.<\/p><\/div><\/div><\/div><\/div><\/section>\n\n<div class=\"wp-block-columns is-layout-flex wp-container-core-columns-is-layout-9d6595d7 wp-block-columns-is-layout-flex\">\n<div class=\"wp-block-column is-layout-flow wp-block-column-is-layout-flow\">\n<p><\/p>\n<\/div>\n<\/div>\n\n<p>Powodem takiego stanu rzeczy by\u0142 m.in. brak mechanizm\u00f3w przep\u0142ywu danych pomi\u0119dzy rejestrami prowadzonymi przez administracj\u0119 publiczn\u0105, co powodowa\u0142o niekompletno\u015b\u0107 gromadzonych informacji i w efekcie prowadzi\u0142o do dezaktualizacji. Ponadto analiza wykaza\u0142a potrzeb\u0119 uzupe\u0142nienia infrastruktury sprz\u0119towej w r\u00f3\u017cnym zakresie. Wskazana sytuacja w r\u00f3wnym stopniu dotyka samorz\u0105dy gminne, powiatowe jak i wojew\u00f3dztwo. Partnerzy Projektu wskazali m.in. na konieczno\u015b\u0107 usprawnienia zarz\u0105dzania infrastruktur\u0105 IT, udost\u0119pnienie archiwum dla elektronicznego obiegu dokument\u00f3w czy wdro\u017cenie narz\u0119dzi pozwalaj\u0105cych na publiczne udost\u0119pnienie rejestr\u00f3w i ewidencji.<\/p>\n\n<p>Jako kluczowy element projektu wskazano konieczno\u015b\u0107 integracji system\u00f3w wewn\u0119trznych urz\u0119d\u00f3w z systemem obiegu dokument\u00f3w oraz System Informacji Przestrzennej, aby udost\u0119pni\u0107 mo\u017cliwo\u015bci \u015bwiadczenia us\u0142ug o wysokim poziomie dojrza\u0142o\u015bci, co oznacza m.in. umo\u017cliwienie swobodnej komunikacji urz\u0105d-obywatel, obywatel- urz\u0105d czy urz\u0105d-urz\u0105d. Potrzeba taka szczeg\u00f3lnie widoczna by\u0142a w miastach na prawach powiatu (prezydenckich), w kt\u00f3rych mieszka prawie 40% mieszka\u0144c\u00f3w wojew\u00f3dztwa.<\/p>\n\n<div class=\"wp-block-eprojektynamespace-projeckisinnerblock container\"><div class=\"grey-bg section section-with-bg\" style=\"background:#f5f5f5\"><div class=\"row  \"><div class=\"col-lg-8 order-lg-2\"><div class=\"sedction-content\"><h2>Cel projektu<\/h2><p>Celem projektu jest zwi\u0119kszenie zakresu stosowania technologii informacyjno-komunikacyjnych (TIK) w sferze us\u0142ug publicznych przez mieszka\u0144c\u00f3w wojew\u00f3dztwa za pomoc\u0105 udost\u0119pnienia odpowiednich narz\u0119dzi pozwalaj\u0105cych im realizowa\u0107 sprawy urz\u0119dowe przez Internet.\nUdost\u0119pnienie sp\u00f3jnej, kompleksowej informacji z obszaru e-Administracji i Systemu Informacji Przestrzennej w postaci cyfrowej mieszka\u0144com naszego regionu pozwoli osi\u0105gn\u0105\u0107 cel g\u0142\u00f3wny projektu, jakim jest kontynuacja wsparcia wzrostu konkurencyjno\u015bci gospodarki wojew\u00f3dztwa kujawsko-pomorskiego w skali krajowej i mi\u0119dzynarodowej poprzez dalsz\u0105 rozbudow\u0119 infrastruktury spo\u0142ecze\u0144stwa informacyjnego. Poprawa dost\u0119pno\u015bci informacji i zasob\u00f3w publicznych zwi\u0119kszy uczestnictwo obywateli w \u017cyciu publicznym.<\/p><ul><\/ul><\/div><\/div><div class=\"col-lg-4\"><div class=\"section-image\"><img decoding=\"async\" src=\"https:\/\/e-projekty.mojregion.info\/wp-content\/uploads\/2023\/09\/Wdecki-Park-Krajobrazowy-fot-1.png\" class=\"w-100\" alt=\"Image 1\"\/><\/div><\/div><\/div><\/div><\/div>\n\n<div style=\"height:55px\" aria-hidden=\"true\" class=\"wp-block-spacer\"><\/div>\n\n<h1 class=\"wp-block-heading container\">Efekty realizacji projektu<\/h1>\n\n<p class=\"container\">W wyniku realizacji projektu mieszka\u0144com regionu dostarczona zostanie sp\u00f3jna, kompleksowa informacja z obszaru e-Administracji oraz informacji przestrzennej. Zostanie stworzona platforma wymiany i udost\u0119pniania danych, jednocze\u015bnie nowe modu\u0142y i oprogramowanie umo\u017cliwi\u0105 Partnerom projektu \u2013 jednostkom samorz\u0105du terytorialnego sprawniejsze poruszanie si\u0119 w obr\u0119bie Elektronicznego Obiegu Dokument\u00f3w.<\/p>\n\n<section class=\"wp-block-eprojektynamespace-projeckis section section-inner-page\"><div class=\"container\"><div class=\"collapsable-mobile-field\"><div class=\"accordion custom-accordion-style\" id=\"mobile-accordion\"><div class=\"accordion-item\"><h2 class=\"accordion-header\" id=\"heading-1\"><button class=\"accordion-button collapsed\" type=\"button\" data-bs-toggle=\"collapse\" data-bs-target=\"#collapse-1\" aria-expanded=\"false\" aria-controls=\"collapse-1\"><\/button><\/h2><div id=\"collapse-1\" class=\"accordion-collapse collapse \" aria-labelledby=\"heading-1\" data-bs-parent=\"#mobile-accordion\"><div class=\"accordion-body\"><div class=\"row grey-bg align-items-center  \" style=\"background:transparent\"><div class=\"col-lg-5 order-lg-2\"><div class=\"the-right-image\"><img decoding=\"async\" src=\"https:\/\/e-projekty.mojregion.info\/wp-content\/uploads\/2023\/09\/midsection-male-practitioner-holding-digital-tablet-while-standing-against-blue-background-1-1.png\" class=\"w-100\" alt=\"Image 1\"\/><\/div><\/div><div class=\"col-lg-7 \"><div class=\"left-inner-content\"><h2><\/h2><p>Projekt przyczyni si\u0119 do\u00a0podniesienia efektywno\u015bci\u00a0dzia\u0142a\u0144 administracji samorz\u0105dowej oraz jako\u015bci us\u0142ug publicznych oraz\u00a0zwi\u0119kszy zakres stosowania\u00a0technologii informacyjno-komunikacyjnych\nw sferze us\u0142ug publicznych.\nRealizacja projektu tym samym b\u0119dzie mia\u0142a istotny wp\u0142yw na\u00a0wyr\u00f3wnanie dysproporcji\u00a0w dost\u0119pie do administracji. Wdra\u017cane rozwi\u0105zania b\u0119d\u0105 funkcjonowa\u0142y na poziomie gminnym, powiatowym\ni wojew\u00f3dzkim, wspomagaj\u0105c zarz\u0105dzanie, promocj\u0119 oraz rozw\u00f3j gmin, powiat\u00f3w i wojew\u00f3dztwa.\nRealizacja\u00a0usprawni kontakty\u00a0urz\u0105d-przedsi\u0119biorca, urz\u0105d-obywatel oraz urz\u0105d-urz\u0105d.<\/p><\/div><\/div><\/div><\/div><\/div><\/div><\/div><\/div><div class=\"row align-items-center grey-bg collapse-desktop-field  \" style=\"background:transparent\"><div class=\"col-lg-5 order-lg-2\"><div class=\"the-right-image\"><img decoding=\"async\" src=\"https:\/\/e-projekty.mojregion.info\/wp-content\/uploads\/2023\/09\/midsection-male-practitioner-holding-digital-tablet-while-standing-against-blue-background-1-1.png\" class=\"w-100\" alt=\"Image 1\"\/><\/div><\/div><div class=\"col-lg-7 \"><div class=\"left-inner-content\"><h2><\/h2><p>Projekt przyczyni si\u0119 do\u00a0podniesienia efektywno\u015bci\u00a0dzia\u0142a\u0144 administracji samorz\u0105dowej oraz jako\u015bci us\u0142ug publicznych oraz\u00a0zwi\u0119kszy zakres stosowania\u00a0technologii informacyjno-komunikacyjnych\nw sferze us\u0142ug publicznych.\nRealizacja projektu tym samym b\u0119dzie mia\u0142a istotny wp\u0142yw na\u00a0wyr\u00f3wnanie dysproporcji\u00a0w dost\u0119pie do administracji. Wdra\u017cane rozwi\u0105zania b\u0119d\u0105 funkcjonowa\u0142y na poziomie gminnym, powiatowym\ni wojew\u00f3dzkim, wspomagaj\u0105c zarz\u0105dzanie, promocj\u0119 oraz rozw\u00f3j gmin, powiat\u00f3w i wojew\u00f3dztwa.\nRealizacja\u00a0usprawni kontakty\u00a0urz\u0105d-przedsi\u0119biorca, urz\u0105d-obywatel oraz urz\u0105d-urz\u0105d.<\/p><\/div><\/div><\/div><\/div><\/section>\n\n<h3 class=\"wp-block-heading\">Informacje o projekcie<\/h3>\n\n<div style=\"height:20px\" aria-hidden=\"true\" class=\"wp-block-spacer\"><\/div>\n\n<p><strong>Warto\u015b\u0107 projektu: <\/strong>134.613.779,42 z\u0142\u00a0w tym dofinansowanie ze \u015brodk\u00f3w Europejskiego Funduszu Rozwoju Regionalnego w ramach Regionalnego Programu Operacyjnego Wojew\u00f3dztwa Kujawsko-Pomorskiego na lata 2014-2020 \u2013\u00a0\u00a0109.054.999,99 z\u0142\u00a0oraz ze \u015brodk\u00f3w bud\u017cetu Wojew\u00f3dztwa Kujawsko-Pomorskiego i Partner\u00f3w Projektu \u2013\u00a025.558.779,43 z\u0142<\/p>\n\n<p><strong>Okres realizacji: <\/strong>30.09.2017 \u2013 31.12.2023<\/p>\n\n<p><strong>Partnerzy projektu: <\/strong> W projekcie \u201eInfostrada Kujaw i Pomorza 2.0\u201d bierze udzia\u0142 111 partner\u00f3w, w tym 109 jednostek samorz\u0105du terytorialnego oraz Kujawsko-Pomorski O\u015brodek Doradztwa Rolniczego w Minikowie<br\/>i Zwi\u0105zek Powiat\u00f3w Wojew\u00f3dztwa Kujawsko-Pomorskiego. Liderem projektu jest Wojew\u00f3dztwo Kujawsko-Pomorskie a realizowany jest przez Wydzia\u0142 Realizacji E-Projekt\u00f3w Departamentu Realizacji Projekt\u00f3w Unijnych Urz\u0119du Marsza\u0142kowskiego Wojew\u00f3dztwa Kujawsko-Pomorskiego.<\/p>\n\n<div style=\"height:66px\" aria-hidden=\"true\" class=\"wp-block-spacer\"><\/div>\n\n<section class=\"about-projects\"><div class=\"container\"><div class=\"section-heading\"><h3>Produkty projektu<\/h3><\/div><div class=\"owl-carousel owl-with-3 owl-nav-top\">                                <div class=\"item\">\n                        <div class=\"project-post-inner\">\n                            <div class=\"project-image\">\n                            \t\t\t\t\t\t\t\t\t\t<a href=\"https:\/\/e-projekty.mojregion.info\/en\/infostradaprodukty\/modern-meteorological-stations\/\"><img loading=\"lazy\" decoding=\"async\" width=\"928\" height=\"568\" src=\"https:\/\/e-projekty.mojregion.info\/wp-content\/uploads\/2023\/11\/stacjemeteorologiczne.png\" class=\"attachment-large size-large wp-post-image\" alt=\"stacje meteorologiczne\" srcset=\"https:\/\/e-projekty.mojregion.info\/wp-content\/uploads\/2023\/11\/stacjemeteorologiczne.png 928w, https:\/\/e-projekty.mojregion.info\/wp-content\/uploads\/2023\/11\/stacjemeteorologiczne-300x184.png 300w, https:\/\/e-projekty.mojregion.info\/wp-content\/uploads\/2023\/11\/stacjemeteorologiczne-768x470.png 768w\" sizes=\"auto, (max-width: 928px) 100vw, 928px\" \/><\/a>\n\t\t\t\t\t\t\t\t\t                            <\/div>\n                            <div class=\"project-content-wrapper\">\n                                <div class=\"proect-content\">\n                                    <h4><a href=\"https:\/\/e-projekty.mojregion.info\/en\/infostradaprodukty\/modern-meteorological-stations\/\">MODERN METEOROLOGICAL STATIONS<\/a><\/h4>\n                                    <p>Owing to the project, the Kuyavian and Pomeranian Agricultural Advisory Centre in Minikowo purchased or modernized 38 meteorological stations. Precision stations are equipped with sensors for temperature, air humidity, soil.<\/p>\n                                <\/div>\n                                <div class=\"project-button\">\n                                    <a href=\"https:\/\/e-projekty.mojregion.info\/en\/infostradaprodukty\/modern-meteorological-stations\/\" class=\"btn btn-primary color-1\">READ MORE<\/a>\n                                <\/div>\n                            <\/div>\n                        <\/div>\n                    <\/div>\n                                        <div class=\"item\">\n                        <div class=\"project-post-inner\">\n                            <div class=\"project-image\">\n                            \t\t\t\t\t\t\t\t\t\t<a href=\"https:\/\/e-projekty.mojregion.info\/en\/infostradaprodukty\/geoportal\/\"><img loading=\"lazy\" decoding=\"async\" width=\"928\" height=\"568\" src=\"https:\/\/e-projekty.mojregion.info\/wp-content\/uploads\/2023\/11\/geoportal.png\" class=\"attachment-large size-large wp-post-image\" alt=\"Geoportal\" srcset=\"https:\/\/e-projekty.mojregion.info\/wp-content\/uploads\/2023\/11\/geoportal.png 928w, https:\/\/e-projekty.mojregion.info\/wp-content\/uploads\/2023\/11\/geoportal-300x184.png 300w, https:\/\/e-projekty.mojregion.info\/wp-content\/uploads\/2023\/11\/geoportal-768x470.png 768w\" sizes=\"auto, (max-width: 928px) 100vw, 928px\" \/><\/a>\n\t\t\t\t\t\t\t\t\t                            <\/div>\n                            <div class=\"project-content-wrapper\">\n                                <div class=\"proect-content\">\n                                    <h4><a href=\"https:\/\/e-projekty.mojregion.info\/en\/infostradaprodukty\/geoportal\/\">GEOPORTAL<\/a><\/h4>\n                                    <p>As part of the &#8216;Infostrada of Kuyavia and Pomerania 2.0&#8217; project, the geoportal has been extended to become the largest spatial knowledge base of the region. Today, it provides specialists.<\/p>\n                                <\/div>\n                                <div class=\"project-button\">\n                                    <a href=\"https:\/\/e-projekty.mojregion.info\/en\/infostradaprodukty\/geoportal\/\" class=\"btn btn-primary color-1\">READ MORE<\/a>\n                                <\/div>\n                            <\/div>\n                        <\/div>\n                    <\/div>\n                                        <div class=\"item\">\n                        <div class=\"project-post-inner\">\n                            <div class=\"project-image\">\n                            \t\t\t\t\t\t\t\t\t\t<a href=\"https:\/\/e-projekty.mojregion.info\/en\/infostradaprodukty\/municipal-platform\/\"><img loading=\"lazy\" decoding=\"async\" width=\"928\" height=\"568\" src=\"https:\/\/e-projekty.mojregion.info\/wp-content\/uploads\/2023\/10\/platformamiejska.png\" class=\"attachment-large size-large wp-post-image\" alt=\"Platforma miejska\" srcset=\"https:\/\/e-projekty.mojregion.info\/wp-content\/uploads\/2023\/10\/platformamiejska.png 928w, https:\/\/e-projekty.mojregion.info\/wp-content\/uploads\/2023\/10\/platformamiejska-300x184.png 300w, https:\/\/e-projekty.mojregion.info\/wp-content\/uploads\/2023\/10\/platformamiejska-768x470.png 768w\" sizes=\"auto, (max-width: 928px) 100vw, 928px\" \/><\/a>\n\t\t\t\t\t\t\t\t\t                            <\/div>\n                            <div class=\"project-content-wrapper\">\n                                <div class=\"proect-content\">\n                                    <h4><a href=\"https:\/\/e-projekty.mojregion.info\/en\/infostradaprodukty\/municipal-platform\/\">MUNICIPAL PLATFORM\u00a0<\/a><\/h4>\n                                    <p>A point of communication for residents with many services offered to them electronically by the city or municipality. It is being implemented individually in four cities with county rights, i.e..<\/p>\n                                <\/div>\n                                <div class=\"project-button\">\n                                    <a href=\"https:\/\/e-projekty.mojregion.info\/en\/infostradaprodukty\/municipal-platform\/\" class=\"btn btn-primary color-1\">READ MORE<\/a>\n                                <\/div>\n                            <\/div>\n                        <\/div>\n                    <\/div>\n                    \n    <\/div><\/div><\/section>\n\n<section class=\"section section-read-on-section\" class=\"wp-block-giosnamespace-readon-block\"><div class=\"container\"><div class=\"section-title\"><h3>Dowiedz si\u0119 wi\u0119cej<\/h3><p>W ramach projektu uruchomiono dla pacjent\u00f3w e-us\u0142ugi dost\u0119pne r\u00f3wnie\u017c w aplikacjach na systemy mobilne:<\/p><\/div><div class=\"row\"><div class=\"col-md-4\"><div class=\"block-with-white-bg the-section-content-inner\"><div class=\"block-image\"><img decoding=\"async\" src=\"https:\/\/e-projekty.mojregion.info\/wp-content\/uploads\/2023\/09\/Tourist-map-2.svg\" alt=\"\"\/><\/div><div class=\"block-title\"><h4>Geneza projektu<\/h4><\/div><\/div><\/div><div class=\"col-md-4\"><div class=\"block-with-white-bg the-section-content-inner\"><div class=\"block-image\"><img decoding=\"async\" src=\"https:\/\/e-projekty.mojregion.info\/wp-content\/uploads\/2023\/09\/Cardiologist-4.svg\" alt=\"\"\/><\/div><div class=\"block-title\"><h4>Realizacja projektu<\/h4><\/div><\/div><\/div><div class=\"col-md-4\"><div class=\"block-with-white-bg the-section-content-inner\"><div class=\"block-image\"><img decoding=\"async\" src=\"https:\/\/e-projekty.mojregion.info\/wp-content\/uploads\/2023\/09\/Search-by-image-2.svg\" alt=\"\"\/><\/div><div class=\"block-title\"><h4>Produkty projektu<\/h4><\/div><\/div><\/div><\/div><\/div><\/section>\n","protected":false},"excerpt":{"rendered":"<p>Powodem takiego stanu rzeczy by\u0142 m.in. brak mechanizm\u00f3w przep\u0142ywu danych pomi\u0119dzy rejestrami prowadzonymi przez administracj\u0119 publiczn\u0105, co powodowa\u0142o niekompletno\u015b\u0107 gromadzonych informacji i w efekcie prowadzi\u0142o do dezaktualizacji. Ponadto analiza wykaza\u0142a.<\/p>\n","protected":false},"author":7,"featured_media":0,"parent":726,"menu_order":0,"comment_status":"closed","ping_status":"closed","template":"template-pageinnerinner.php","meta":{"_acf_changed":false,"inline_featured_image":false,"footnotes":"","_links_to":"","_links_to_target":""},"class_list":["post-748","page","type-page","status-publish","hentry"],"acf":[],"_links":{"self":[{"href":"https:\/\/e-projekty.mojregion.info\/en\/wp-json\/wp\/v2\/pages\/748","targetHints":{"allow":["GET"]}}],"collection":[{"href":"https:\/\/e-projekty.mojregion.info\/en\/wp-json\/wp\/v2\/pages"}],"about":[{"href":"https:\/\/e-projekty.mojregion.info\/en\/wp-json\/wp\/v2\/types\/page"}],"author":[{"embeddable":true,"href":"https:\/\/e-projekty.mojregion.info\/en\/wp-json\/wp\/v2\/users\/7"}],"replies":[{"embeddable":true,"href":"https:\/\/e-projekty.mojregion.info\/en\/wp-json\/wp\/v2\/comments?post=748"}],"version-history":[{"count":8,"href":"https:\/\/e-projekty.mojregion.info\/en\/wp-json\/wp\/v2\/pages\/748\/revisions"}],"predecessor-version":[{"id":5082,"href":"https:\/\/e-projekty.mojregion.info\/en\/wp-json\/wp\/v2\/pages\/748\/revisions\/5082"}],"up":[{"embeddable":true,"href":"https:\/\/e-projekty.mojregion.info\/en\/wp-json\/wp\/v2\/pages\/726"}],"wp:attachment":[{"href":"https:\/\/e-projekty.mojregion.info\/en\/wp-json\/wp\/v2\/media?parent=748"}],"curies":[{"name":"wp","href":"https:\/\/api.w.org\/{rel}","templated":true}]}}