{"id":710,"date":"2023-09-25T07:45:36","date_gmt":"2023-09-25T07:45:36","guid":{"rendered":"https:\/\/e-projekty.mojregion.info\/e-zdrowie-2-0\/kontakt\/"},"modified":"2024-04-22T09:32:20","modified_gmt":"2024-04-22T09:32:20","slug":"kontakt","status":"publish","type":"page","link":"https:\/\/e-projekty.mojregion.info\/en\/e-zdrowie-2-0\/kontakt\/","title":{"rendered":"Contact"},"content":{"rendered":"\n<section class=\"wp-block-giosnamespace-contactmap section section-contact-us-section\"><div class=\"container\"><div class=\"grey-bg\"><div class=\"row\"><div class=\"col-xl-6\"><div class=\"the-left-content\"><p class=\"h4\">Marshal\u2019s Office of the Marshal&#8217;s Office of the Kuyavian-Pomeranian Voivodeship, Digital Services Department<\/p><ul><li><img decoding=\"async\" src=\"https:\/\/e-projekty.mojregion.info\/wp-content\/uploads\/2023\/09\/Pin-1.svg\" alt=\"\"\/><span> ul. W\u0142oc\u0142awska 167 G, 87-100 Toru\u0144 <\/span><\/li><li><img decoding=\"async\" src=\"https:\/\/e-projekty.mojregion.info\/wp-content\/uploads\/2023\/09\/Message.svg\" alt=\"\"\/><span> punkt.informacyjny@kujawsko-pomorskie.pl <\/span><\/li><li><img decoding=\"async\" src=\"https:\/\/e-projekty.mojregion.info\/wp-content\/uploads\/2023\/09\/Call-settings.svg\" alt=\"\"\/><span> (56) 62 18 600; (56) 62 18 610 <\/span><\/li><\/ul><\/div><\/div><div class=\"col-xl-6\"><div class=\"contact-us-map-section\"><\/div><\/div><\/div><\/div><\/div><\/section>\n\n\n\n<div class=\"wp-block-eprojektynamespace-benefits container\"><div class=\"section-with-icons-list\"><div class=\"block-title\"><h2>Project staff<\/h2><\/div><div class=\"row\"><div class=\"col-lg-4\"><div class=\"the-section-content-inner\"><h3>Grzegorz Kaczmarek <\/h3><ul><li><div class=\"list-content\"><p>Director<\/p><\/div><\/li><li><div class=\"list-content\"><p>Digital Services Department<\/p><\/div><\/li><li><div class=\"list-icon\"><img decoding=\"async\" src=\"https:\/\/e-projekty.mojregion.info\/wp-content\/uploads\/2023\/09\/Call-settings.svg\" alt=\"\"\/><\/div><div class=\"list-content\"><p>56 621 87 92<\/p><\/div><\/li><li><div class=\"list-icon\"><img decoding=\"async\" src=\"https:\/\/e-projekty.mojregion.info\/wp-content\/uploads\/2023\/09\/Message.svg\" alt=\"\"\/><\/div><div class=\"list-content\"><p>G.Kaczmarek@kujawsko-pomorskie.pl<\/p><\/div><\/li><\/ul><\/div><\/div><div class=\"col-lg-4\"><div class=\"the-section-content-inner\"><h3>Alicja W\u00f3jcik<\/h3><ul><li><div class=\"list-content\"><p>Head of Department<\/p><\/div><\/li><li><div class=\"list-content\"><p>E-Project Implementation Unit<\/p><\/div><\/li><li><div class=\"list-icon\"><img decoding=\"async\" src=\"https:\/\/e-projekty.mojregion.info\/wp-content\/uploads\/2023\/09\/Call-settings.svg\" alt=\"\"\/><\/div><div class=\"list-content\"><p>56 62 18 556<\/p><\/div><\/li><li><div class=\"list-icon\"><img decoding=\"async\" src=\"https:\/\/e-projekty.mojregion.info\/wp-content\/uploads\/2023\/09\/Message.svg\" alt=\"\"\/><\/div><div class=\"list-content\"><p>a.wojcik@kujawsko-pomorskie.pl<\/p><\/div><\/li><\/ul><\/div><\/div><div class=\"col-lg-4\"><div class=\"the-section-content-inner\"><h3>Mariusz Kubi\u0144ski<\/h3><ul><li><div class=\"list-content\"><p>Office Manager<\/p><\/div><\/li><li><div class=\"list-content\"><p>e-Project Implementation Office<\/p><\/div><\/li><li><div class=\"list-icon\"><img decoding=\"async\" src=\"https:\/\/e-projekty.mojregion.info\/wp-content\/uploads\/2023\/09\/Call-settings.svg\" alt=\"\"\/><\/div><div class=\"list-content\"><p>56 62 18 555<\/p><\/div><\/li><li><div class=\"list-icon\"><img decoding=\"async\" src=\"https:\/\/e-projekty.mojregion.info\/wp-content\/uploads\/2023\/09\/Message.svg\" alt=\"\"\/><\/div><div class=\"list-content\"><p>m.kubinski@kujawsko-pomorskie.pl<\/p><\/div><\/li><\/ul><\/div><\/div><\/div><\/div><\/div>\n","protected":false},"excerpt":{"rendered":"","protected":false},"author":7,"featured_media":0,"parent":687,"menu_order":0,"comment_status":"closed","ping_status":"closed","template":"template-pageinnerinner.php","meta":{"_acf_changed":false,"inline_featured_image":false,"footnotes":"","_links_to":"","_links_to_target":""},"class_list":["post-710","page","type-page","status-publish","hentry"],"acf":[],"_links":{"self":[{"href":"https:\/\/e-projekty.mojregion.info\/en\/wp-json\/wp\/v2\/pages\/710","targetHints":{"allow":["GET"]}}],"collection":[{"href":"https:\/\/e-projekty.mojregion.info\/en\/wp-json\/wp\/v2\/pages"}],"about":[{"href":"https:\/\/e-projekty.mojregion.info\/en\/wp-json\/wp\/v2\/types\/page"}],"author":[{"embeddable":true,"href":"https:\/\/e-projekty.mojregion.info\/en\/wp-json\/wp\/v2\/users\/7"}],"replies":[{"embeddable":true,"href":"https:\/\/e-projekty.mojregion.info\/en\/wp-json\/wp\/v2\/comments?post=710"}],"version-history":[{"count":8,"href":"https:\/\/e-projekty.mojregion.info\/en\/wp-json\/wp\/v2\/pages\/710\/revisions"}],"predecessor-version":[{"id":5105,"href":"https:\/\/e-projekty.mojregion.info\/en\/wp-json\/wp\/v2\/pages\/710\/revisions\/5105"}],"up":[{"embeddable":true,"href":"https:\/\/e-projekty.mojregion.info\/en\/wp-json\/wp\/v2\/pages\/687"}],"wp:attachment":[{"href":"https:\/\/e-projekty.mojregion.info\/en\/wp-json\/wp\/v2\/media?parent=710"}],"curies":[{"name":"wp","href":"https:\/\/api.w.org\/{rel}","templated":true}]}}