{"id":704,"date":"2023-09-25T08:38:57","date_gmt":"2023-09-25T08:38:57","guid":{"rendered":"https:\/\/e-projekty.mojregion.info\/e-zdrowie-2-0\/do-pobrania\/"},"modified":"2023-11-30T13:16:46","modified_gmt":"2023-11-30T13:16:46","slug":"do-pobrania","status":"publish","type":"page","link":"https:\/\/e-projekty.mojregion.info\/en\/e-zdrowie-2-0\/do-pobrania\/","title":{"rendered":"Downloads"},"content":{"rendered":"\n<div class=\"wp-block-giosnamespace-download-block do-pobrana-section\"><h2>e-Health 2.0 logo<\/h2><div class=\"download-button-group\"><div class=\"download-link-setion\"><a href=\"https:\/\/e-projekty.mojregion.info\/wp-content\/uploads\/2023\/10\/eZdrowie_pion.zip\" download aria-label=\"Plik pobierze si\u0119 po naci\u015bni\u0119ciu\"><div class=\"download-icon\"><svg xmlns=\"http:\/\/www.w3.org\/2000\/svg\" width=\"72\" height=\"72\" viewBox=\"0 0 72 72\" fill=\"none\"><rect width=\"72\" height=\"72\" rx=\"12\" fill=\"#00ACA9\"><\/rect><path d=\"M36 25V42M36 42L28 34M36 42L44 34M28 47.5H44\" stroke=\"#FEFEFE\" stroke-width=\"2\" stroke-linecap=\"round\"><\/path><\/svg><\/div><div class=\"download-content\"><p class=\"h6\"> Logo e-Zdrowie 2.0 pionowo <br\/> (plik zip , 4 MB)<\/p><\/div><\/a><\/div><div class=\"download-link-setion\"><a href=\"https:\/\/e-projekty.mojregion.info\/wp-content\/uploads\/2023\/10\/eZdrowie_poziom.zip\" download aria-label=\"Plik pobierze si\u0119 po naci\u015bni\u0119ciu\"><div class=\"download-icon\"><svg xmlns=\"http:\/\/www.w3.org\/2000\/svg\" width=\"72\" height=\"72\" viewBox=\"0 0 72 72\" fill=\"none\"><rect width=\"72\" height=\"72\" rx=\"12\" fill=\"#00ACA9\"><\/rect><path d=\"M36 25V42M36 42L28 34M36 42L44 34M28 47.5H44\" stroke=\"#FEFEFE\" stroke-width=\"2\" stroke-linecap=\"round\"><\/path><\/svg><\/div><div class=\"download-content\"><p class=\"h6\"> Logo e-Zdrowie 2.0 poziomo <br\/> (plik zip , 6 MB)<\/p><\/div><\/a><\/div><\/div><\/div>\n\n\n\n<div class=\"wp-block-giosnamespace-download-block do-pobrana-section\"><h2> e-Health 2.0 Sign Book<\/h2><div class=\"download-button-group\"><div class=\"download-link-setion\"><a href=\"https:\/\/e-projekty.mojregion.info\/wp-content\/uploads\/2023\/10\/KSIEGA_ZNAKOW_eZdrowie.pdf\" download aria-label=\"Plik pobierze si\u0119 po naci\u015bni\u0119ciu\"><div class=\"download-icon\"><svg xmlns=\"http:\/\/www.w3.org\/2000\/svg\" width=\"72\" height=\"72\" viewBox=\"0 0 72 72\" fill=\"none\"><rect width=\"72\" height=\"72\" rx=\"12\" fill=\"#00ACA9\"><\/rect><path d=\"M36 25V42M36 42L28 34M36 42L44 34M28 47.5H44\" stroke=\"#FEFEFE\" stroke-width=\"2\" stroke-linecap=\"round\"><\/path><\/svg><\/div><div class=\"download-content\"><p class=\"h6\">  <br\/> (plik pdf , 2 MB)<\/p><\/div><\/a><\/div><\/div><\/div>\n\n\n\n<div class=\"wp-block-giosnamespace-download-block do-pobrana-section\"><h2>e-Health 2.0 Visual Identification Book<\/h2><div class=\"download-button-group\"><div class=\"download-link-setion\"><a href=\"https:\/\/e-projekty.mojregion.info\/wp-content\/uploads\/2023\/10\/System-Identyfikacji_eZdrowie.pdf\" download aria-label=\"Plik pobierze si\u0119 po naci\u015bni\u0119ciu\"><div class=\"download-icon\"><svg xmlns=\"http:\/\/www.w3.org\/2000\/svg\" width=\"72\" height=\"72\" viewBox=\"0 0 72 72\" fill=\"none\"><rect width=\"72\" height=\"72\" rx=\"12\" fill=\"#00ACA9\"><\/rect><path d=\"M36 25V42M36 42L28 34M36 42L44 34M28 47.5H44\" stroke=\"#FEFEFE\" stroke-width=\"2\" stroke-linecap=\"round\"><\/path><\/svg><\/div><div class=\"download-content\"><p class=\"h6\"> system identyfikacji e-Zdrowie 2.0  <br\/> (plik pdf , 5 MB)<\/p><\/div><\/a><\/div><\/div><\/div>\n","protected":false},"excerpt":{"rendered":"","protected":false},"author":7,"featured_media":569,"parent":687,"menu_order":0,"comment_status":"closed","ping_status":"closed","template":"template-download.php","meta":{"_acf_changed":false,"inline_featured_image":false,"footnotes":"","_links_to":"","_links_to_target":""},"class_list":["post-704","page","type-page","status-publish","has-post-thumbnail","hentry"],"acf":[],"_links":{"self":[{"href":"https:\/\/e-projekty.mojregion.info\/en\/wp-json\/wp\/v2\/pages\/704","targetHints":{"allow":["GET"]}}],"collection":[{"href":"https:\/\/e-projekty.mojregion.info\/en\/wp-json\/wp\/v2\/pages"}],"about":[{"href":"https:\/\/e-projekty.mojregion.info\/en\/wp-json\/wp\/v2\/types\/page"}],"author":[{"embeddable":true,"href":"https:\/\/e-projekty.mojregion.info\/en\/wp-json\/wp\/v2\/users\/7"}],"replies":[{"embeddable":true,"href":"https:\/\/e-projekty.mojregion.info\/en\/wp-json\/wp\/v2\/comments?post=704"}],"version-history":[{"count":2,"href":"https:\/\/e-projekty.mojregion.info\/en\/wp-json\/wp\/v2\/pages\/704\/revisions"}],"predecessor-version":[{"id":4428,"href":"https:\/\/e-projekty.mojregion.info\/en\/wp-json\/wp\/v2\/pages\/704\/revisions\/4428"}],"up":[{"embeddable":true,"href":"https:\/\/e-projekty.mojregion.info\/en\/wp-json\/wp\/v2\/pages\/687"}],"wp:featuredmedia":[{"embeddable":true,"href":"https:\/\/e-projekty.mojregion.info\/en\/wp-json\/wp\/v2\/media\/569"}],"wp:attachment":[{"href":"https:\/\/e-projekty.mojregion.info\/en\/wp-json\/wp\/v2\/media?parent=704"}],"curies":[{"name":"wp","href":"https:\/\/api.w.org\/{rel}","templated":true}]}}